{"id":645,"date":"2021-04-07T20:52:36","date_gmt":"2021-04-07T20:52:36","guid":{"rendered":"https:\/\/www.edemtec.mx\/?page_id=645"},"modified":"2021-05-10T21:44:57","modified_gmt":"2021-05-10T21:44:57","slug":"lines","status":"publish","type":"page","link":"https:\/\/www.edemtec.mx\/en\/business-lines\/lines\/","title":{"rendered":"Transmission Lines"},"content":{"rendered":"<p>[et_pb_section fb_built=&#8221;1&#8243; _builder_version=&#8221;4.9.3&#8243; _module_preset=&#8221;default&#8221; background_color=&#8221;#F2F2F2&#8243; background_image=&#8221;https:\/\/www.edemtec.mx\/wp-content\/uploads\/2021\/04\/titulo-lineas-de-transmision.jpg&#8221; custom_padding=&#8221;0px||0px||true|&#8221;][et_pb_row _builder_version=&#8221;4.9.1&#8243; _module_preset=&#8221;default&#8221;][et_pb_column type=&#8221;4_4&#8243; _builder_version=&#8221;4.9.1&#8243; _module_preset=&#8221;default&#8221;][et_pb_text _builder_version=&#8221;4.9.4&#8243; _module_preset=&#8221;default&#8221; header_text_color=&#8221;#555555&#8243; text_orientation=&#8221;right&#8221;]<\/p>\n<h1>Transmission Lines<\/h1>\n<p>BUSINESS LINES<\/p>\n<p>[\/et_pb_text][\/et_pb_column][\/et_pb_row][\/et_pb_section][et_pb_section fb_built=&#8221;1&#8243; _builder_version=&#8221;4.9.1&#8243; _module_preset=&#8221;default&#8221; background_image=&#8221;https:\/\/www.edemtec.mx\/wp-content\/uploads\/2021\/03\/bg-side-montaje-de-lineas-de-transmision.jpg&#8221; parallax=&#8221;on&#8221; custom_padding=&#8221;||120px|||&#8221;][et_pb_row column_structure=&#8221;3_5,2_5&#8243; _builder_version=&#8221;4.9.1&#8243; _module_preset=&#8221;default&#8221; locked=&#8221;off&#8221;][et_pb_column type=&#8221;3_5&#8243; _builder_version=&#8221;4.9.1&#8243; _module_preset=&#8221;default&#8221;][et_pb_text _builder_version=&#8221;4.9.3&#8243; _module_preset=&#8221;default&#8221; header_2_font=&#8221;|300|||||||&#8221; header_2_text_color=&#8221;#333333&#8243; header_3_text_color=&#8221;#636363&#8243; custom_margin=&#8221;||0px||false|false&#8221;]<\/p>\n<h2><strong>WE ENERGIZE<\/strong> THE WORLD<\/h2>\n<p>[\/et_pb_text][et_pb_divider divider_weight=&#8221;3px&#8221; _builder_version=&#8221;4.9.1&#8243; _module_preset=&#8221;default&#8221; width=&#8221;60%&#8221; module_alignment=&#8221;left&#8221;][\/et_pb_divider][et_pb_text _builder_version=&#8221;4.9.3&#8243; _module_preset=&#8221;default&#8221; text_font=&#8221;|600||on|||||&#8221; text_font_size=&#8221;20px&#8221; header_2_text_color=&#8221;#333333&#8243; header_3_text_color=&#8221;#636363&#8243; background_color=&#8221;gcid-61ab8983-1f57-4601-83a9-cc8d1f9b5aa9&#8243; background_layout=&#8221;dark&#8221; custom_margin=&#8221;||50px|||&#8221; custom_padding=&#8221;15px|20px|15px|20px|true|true&#8221; global_colors_info=&#8221;{%22gcid-61ab8983-1f57-4601-83a9-cc8d1f9b5aa9%22:%91%22background_color%22%93}&#8221;]<\/p>\n<p>WE CONNECT ELECTRIC GENERATION PLANTS <br \/>WITH LOAD CENTERS<\/p>\n<p>[\/et_pb_text][et_pb_text _builder_version=&#8221;4.9.4&#8243; _module_preset=&#8221;default&#8221; text_orientation=&#8221;justified&#8221;]<\/p>\n<p><span>We execute Engineering, Procurement and Construction (EPC), including testing and commissioning, of air and ground transmission lines, at voltages from 69 kV to 400 kV, in any type of terrain conditions, in accessible and inaccessible areas, using personnel and own equipment, which allows us to ensure the execution in time and form of this type of works.<\/span><\/p>\n<p>[\/et_pb_text][\/et_pb_column][et_pb_column type=&#8221;2_5&#8243; _builder_version=&#8221;4.9.1&#8243; _module_preset=&#8221;default&#8221;][\/et_pb_column][\/et_pb_row][\/et_pb_section][et_pb_section fb_built=&#8221;1&#8243; specialty=&#8221;on&#8221; _builder_version=&#8221;4.9.1&#8243; _module_preset=&#8221;default&#8221; background_color=&#8221;#3D649F&#8221; background_image=&#8221;https:\/\/www.edemtec.mx\/wp-content\/uploads\/2021\/03\/bg-side-montaje-de-lineas-en-poste.jpg&#8221; parallax=&#8221;on&#8221;][et_pb_column type=&#8221;1_4&#8243; _builder_version=&#8221;3.25&#8243; custom_padding=&#8221;|||&#8221; custom_padding__hover=&#8221;|||&#8221;][\/et_pb_column][et_pb_column type=&#8221;3_4&#8243; specialty_columns=&#8221;3&#8243; _builder_version=&#8221;3.25&#8243; custom_padding=&#8221;|||&#8221; custom_padding__hover=&#8221;|||&#8221;][et_pb_row_inner _builder_version=&#8221;4.9.1&#8243; _module_preset=&#8221;default&#8221; locked=&#8221;off&#8221;][et_pb_column_inner saved_specialty_column_type=&#8221;3_4&#8243; _builder_version=&#8221;4.9.1&#8243; _module_preset=&#8221;default&#8221;][et_pb_text _builder_version=&#8221;4.9.3&#8243; _module_preset=&#8221;default&#8221; text_font=&#8221;|300||on|||||&#8221; text_font_size=&#8221;20px&#8221; text_letter_spacing=&#8221;-1px&#8221; header_2_text_color=&#8221;#333333&#8243; header_3_text_color=&#8221;#636363&#8243; background_layout=&#8221;dark&#8221; custom_margin=&#8221;||5px||false|false&#8221;]<\/p>\n<p>We have the<\/p>\n<p>[\/et_pb_text][et_pb_text _builder_version=&#8221;4.9.3&#8243; _module_preset=&#8221;default&#8221; header_text_color=&#8221;#FFFFFF&#8221; header_2_text_color=&#8221;#FFFFFF&#8221; header_3_text_color=&#8221;#FFFFFF&#8221; background_layout=&#8221;dark&#8221; custom_margin=&#8221;||0px||false|false&#8221;]<\/p>\n<h2>Experience<\/h2>\n<p>[\/et_pb_text][et_pb_divider divider_weight=&#8221;3px&#8221; _builder_version=&#8221;4.9.1&#8243; _module_preset=&#8221;default&#8221; width=&#8221;50%&#8221; module_alignment=&#8221;left&#8221;][\/et_pb_divider][\/et_pb_column_inner][\/et_pb_row_inner][et_pb_row_inner column_structure=&#8221;1_3,1_3,1_3&#8243; _builder_version=&#8221;4.9.1&#8243; _module_preset=&#8221;default&#8221;][et_pb_column_inner type=&#8221;1_3&#8243; saved_specialty_column_type=&#8221;3_4&#8243; _builder_version=&#8221;4.9.1&#8243; _module_preset=&#8221;default&#8221;][et_pb_number_counter title=&#8221;Lines in KM-C&#8221; number=&#8221;6,600+&#8221; percent_sign=&#8221;off&#8221; _builder_version=&#8221;4.9.3&#8243; _module_preset=&#8221;default&#8221; title_level=&#8221;h4&#8243; title_text_color=&#8221;#FFFFFF&#8221; number_font=&#8221;Open Sans|700|||||||&#8221; number_text_color=&#8221;#FFFFFF&#8221; number_font_size=&#8221;45px&#8221;][\/et_pb_number_counter][\/et_pb_column_inner][et_pb_column_inner type=&#8221;1_3&#8243; saved_specialty_column_type=&#8221;3_4&#8243; _builder_version=&#8221;4.9.1&#8243; _module_preset=&#8221;default&#8221;][et_pb_number_counter title=&#8221;States&#8221; number=&#8221;28+&#8221; percent_sign=&#8221;off&#8221; _builder_version=&#8221;4.9.3&#8243; _module_preset=&#8221;default&#8221; title_level=&#8221;h4&#8243; title_text_color=&#8221;#FFFFFF&#8221; number_font=&#8221;Open Sans|700|||||||&#8221; number_text_color=&#8221;#FFFFFF&#8221; number_font_size=&#8221;45px&#8221;][\/et_pb_number_counter][\/et_pb_column_inner][et_pb_column_inner type=&#8221;1_3&#8243; saved_specialty_column_type=&#8221;3_4&#8243; _builder_version=&#8221;4.9.1&#8243; _module_preset=&#8221;default&#8221;][et_pb_number_counter title=&#8221;KM-C Underground lines&#8221; number=&#8221;106+&#8221; percent_sign=&#8221;off&#8221; _builder_version=&#8221;4.9.3&#8243; _module_preset=&#8221;default&#8221; title_level=&#8221;h4&#8243; title_text_color=&#8221;#FFFFFF&#8221; number_font=&#8221;Open Sans|700|||||||&#8221; number_text_color=&#8221;#FFFFFF&#8221; number_font_size=&#8221;45px&#8221;][\/et_pb_number_counter][\/et_pb_column_inner][\/et_pb_row_inner][\/et_pb_column][\/et_pb_section][et_pb_section fb_built=&#8221;1&#8243; _builder_version=&#8221;4.9.2&#8243; _module_preset=&#8221;default&#8221; background_enable_color=&#8221;off&#8221; saved_tabs=&#8221;all&#8221;][et_pb_row _builder_version=&#8221;4.9.1&#8243; _module_preset=&#8221;default&#8221; locked=&#8221;off&#8221;][et_pb_column type=&#8221;4_4&#8243; _builder_version=&#8221;4.9.1&#8243; _module_preset=&#8221;default&#8221;][et_pb_text _builder_version=&#8221;4.9.3&#8243; _module_preset=&#8221;default&#8221; text_font=&#8221;|300||on|||||&#8221; text_font_size=&#8221;20px&#8221; text_letter_spacing=&#8221;-1px&#8221; header_2_text_color=&#8221;#333333&#8243; header_3_text_color=&#8221;#636363&#8243; text_orientation=&#8221;center&#8221; custom_margin=&#8221;||5px||false|false&#8221;]<\/p>\n<p>Know our projects<\/p>\n<p>[\/et_pb_text][et_pb_text _builder_version=&#8221;4.9.3&#8243; _module_preset=&#8221;default&#8221; header_2_text_color=&#8221;#333333&#8243; header_3_text_color=&#8221;#636363&#8243; text_orientation=&#8221;center&#8221; custom_margin=&#8221;||0px||false|false&#8221;]<\/p>\n<h2>National and International<\/h2>\n<p>[\/et_pb_text][et_pb_divider divider_weight=&#8221;3px&#8221; _builder_version=&#8221;4.9.2&#8243; _module_preset=&#8221;default&#8221; width=&#8221;50%&#8221; module_alignment=&#8221;center&#8221;][\/et_pb_divider][et_pb_text _builder_version=&#8221;4.9.3&#8243; _module_preset=&#8221;default&#8221; text_orientation=&#8221;center&#8221;]<\/p>\n<p><span><strong>EDEMTEC<\/strong> has carried out transmission line construction projects throughout the Mexican Republic, bringing energy to more than 28 states and contributing to the prosperity of the zones.<\/span><\/p>\n<p>[\/et_pb_text][\/et_pb_column][\/et_pb_row][et_pb_row _builder_version=&#8221;4.9.1&#8243; _module_preset=&#8221;default&#8221;][et_pb_column type=&#8221;4_4&#8243; _builder_version=&#8221;4.9.1&#8243; _module_preset=&#8221;default&#8221;][et_pb_code _builder_version=&#8221;4.9.4&#8243; _module_preset=&#8221;default&#8221; hover_enabled=&#8221;0&#8243; sticky_enabled=&#8221;0&#8243;][hotspot id=&#8217;1124&#8242; \/][\/et_pb_code][\/et_pb_column][\/et_pb_row][et_pb_row _builder_version=&#8221;4.9.4&#8243; _module_preset=&#8221;default&#8221; locked=&#8221;off&#8221;][et_pb_column type=&#8221;4_4&#8243; _builder_version=&#8221;4.9.4&#8243; _module_preset=&#8221;default&#8221;][et_pb_button button_url=&#8221;@ET-DC@eyJkeW5hbWljIjp0cnVlLCJjb250ZW50IjoicG9zdF9saW5rX3VybF9hdHRhY2htZW50Iiwic2V0dGluZ3MiOnsicG9zdF9pZCI6Ijk1NyJ9fQ==@&#8221; url_new_window=&#8221;on&#8221; button_text=&#8221;Download Projects&#8221; button_alignment=&#8221;center&#8221; _builder_version=&#8221;4.9.4&#8243; _dynamic_attributes=&#8221;button_url&#8221; _module_preset=&#8221;default&#8221; global_module=&#8221;958&#8243; saved_tabs=&#8221;all&#8221;][\/et_pb_button][\/et_pb_column][\/et_pb_row][\/et_pb_section]<\/p>\n","protected":false},"excerpt":{"rendered":"<p>Transmission Lines BUSINESS LINESWE ENERGIZE THE WORLDWE CONNECT ELECTRIC GENERATION PLANTS WITH LOAD CENTERSWe execute Engineering, Procurement and Construction (EPC), including testing and commissioning, of air and ground transmission lines, at voltages from 69 kV to 400 kV, in any type of terrain conditions, in accessible and inaccessible areas, using personnel and own equipment, which [&hellip;]<\/p>\n","protected":false},"author":1,"featured_media":0,"parent":1033,"menu_order":0,"comment_status":"closed","ping_status":"closed","template":"","meta":{"_et_pb_use_builder":"on","_et_pb_old_content":"[et_pb_section fb_built=\"1\" _builder_version=\"4.9.3\" _module_preset=\"default\" background_color=\"#F2F2F2\" background_image=\"https:\/\/www.edemtec.mx\/wp-content\/uploads\/2021\/04\/titulo-lineas-de-transmision.jpg\" custom_padding=\"0px||0px||true|\"][et_pb_row _builder_version=\"4.9.1\" _module_preset=\"default\"][et_pb_column type=\"4_4\" _builder_version=\"4.9.1\" _module_preset=\"default\"][et_pb_text _builder_version=\"4.9.2\" _module_preset=\"default\" header_text_color=\"#555555\" text_orientation=\"right\"]\n<h1>L\u00edneas de transmisi\u00f3n<\/h1>\nL\u00cdNEAS DE NEGOCIO\n\n[\/et_pb_text][\/et_pb_column][\/et_pb_row][\/et_pb_section][et_pb_section fb_built=\"1\" _builder_version=\"4.9.1\" _module_preset=\"default\" background_image=\"https:\/\/www.edemtec.mx\/wp-content\/uploads\/2021\/03\/bg-side-montaje-de-lineas-de-transmision.jpg\" parallax=\"on\" custom_padding=\"||120px|||\"][et_pb_row column_structure=\"3_5,2_5\" _builder_version=\"4.9.1\" _module_preset=\"default\" locked=\"off\"][et_pb_column type=\"3_5\" _builder_version=\"4.9.1\" _module_preset=\"default\"][et_pb_text _builder_version=\"4.9.3\" _module_preset=\"default\" header_2_font=\"|300|||||||\" header_2_text_color=\"#333333\" header_3_text_color=\"#636363\" custom_margin=\"||0px||false|false\"]\n<h2><strong>Energizamos<\/strong> el mundo<\/h2>\n[\/et_pb_text][et_pb_divider divider_weight=\"3px\" _builder_version=\"4.9.1\" _module_preset=\"default\" width=\"60%\" module_alignment=\"left\"][\/et_pb_divider][et_pb_text _builder_version=\"4.9.3\" _module_preset=\"default\" text_font=\"|600||on|||||\" text_font_size=\"20px\" header_2_text_color=\"#333333\" header_3_text_color=\"#636363\" background_color=\"gcid-61ab8983-1f57-4601-83a9-cc8d1f9b5aa9\" background_layout=\"dark\" custom_margin=\"||50px|||\" custom_padding=\"15px|20px|15px|20px|true|true\" hover_enabled=\"0\" global_colors_info=\"{%22gcid-61ab8983-1f57-4601-83a9-cc8d1f9b5aa9%22:%91%22background_color%22%93}\" sticky_enabled=\"0\"]\n\nCONECTAMOS LAS PLANTAS DE GENERACI\u00d3N\nDE ENERG\u00cdA EL\u00c9CTRICA CON LOS CENTROS DE CARGA\n\n[\/et_pb_text][et_pb_text _builder_version=\"4.9.1\" _module_preset=\"default\" text_orientation=\"justified\"]\n\n<span>Ejecutamos la Ingenier\u00eda, Procura y Construcci\u00f3n (EPC), incluyendo Pruebas y Puesta en Servicio, de L\u00edneas de Transmisi\u00f3n a\u00e9reas y subterr\u00e1neas, en tensiones desde 69&nbsp;kV hasta 400 kV, en cualquier condici\u00f3n de tipo de terreno, en zonas accesibles e inaccesibles, utilizando personal y equipo propio, lo que nos permite asegurar la ejecuci\u00f3n en tiempo y forma de este tipo de Obras.<\/span>\n\n[\/et_pb_text][\/et_pb_column][et_pb_column type=\"2_5\" _builder_version=\"4.9.1\" _module_preset=\"default\"][\/et_pb_column][\/et_pb_row][\/et_pb_section][et_pb_section fb_built=\"1\" specialty=\"on\" _builder_version=\"4.9.1\" _module_preset=\"default\" background_color=\"#3D649F\" background_image=\"https:\/\/www.edemtec.mx\/wp-content\/uploads\/2021\/03\/bg-side-montaje-de-lineas-en-poste.jpg\" parallax=\"on\"][et_pb_column type=\"1_4\" _builder_version=\"3.25\" custom_padding=\"|||\" custom_padding__hover=\"|||\"][\/et_pb_column][et_pb_column type=\"3_4\" specialty_columns=\"3\" _builder_version=\"3.25\" custom_padding=\"|||\" custom_padding__hover=\"|||\"][et_pb_row_inner _builder_version=\"4.9.1\" _module_preset=\"default\" locked=\"off\"][et_pb_column_inner saved_specialty_column_type=\"3_4\" _builder_version=\"4.9.1\" _module_preset=\"default\"][et_pb_text _builder_version=\"4.9.1\" _module_preset=\"default\" text_font=\"|300||on|||||\" text_font_size=\"20px\" text_letter_spacing=\"-1px\" header_2_text_color=\"#333333\" header_3_text_color=\"#636363\" background_layout=\"dark\" custom_margin=\"||5px||false|false\"]\n\nTenemos la\n\n[\/et_pb_text][et_pb_text _builder_version=\"4.9.1\" _module_preset=\"default\" header_text_color=\"#FFFFFF\" header_2_text_color=\"#FFFFFF\" header_3_text_color=\"#FFFFFF\" background_layout=\"dark\" custom_margin=\"||0px||false|false\"]\n<h2>Experiencia<\/h2>\n[\/et_pb_text][et_pb_divider divider_weight=\"3px\" _builder_version=\"4.9.1\" _module_preset=\"default\" width=\"50%\" module_alignment=\"left\"][\/et_pb_divider][\/et_pb_column_inner][\/et_pb_row_inner][et_pb_row_inner column_structure=\"1_3,1_3,1_3\" _builder_version=\"4.9.1\" _module_preset=\"default\"][et_pb_column_inner type=\"1_3\" saved_specialty_column_type=\"3_4\" _builder_version=\"4.9.1\" _module_preset=\"default\"][et_pb_number_counter title=\"KM-C de l\u00ednea\" number=\"6,600+\" percent_sign=\"off\" _builder_version=\"4.9.3\" _module_preset=\"default\" title_level=\"h4\" title_text_color=\"#FFFFFF\" number_font=\"Open Sans|700|||||||\" number_text_color=\"#FFFFFF\" number_font_size=\"45px\"][\/et_pb_number_counter][\/et_pb_column_inner][et_pb_column_inner type=\"1_3\" saved_specialty_column_type=\"3_4\" _builder_version=\"4.9.1\" _module_preset=\"default\"][et_pb_number_counter title=\"Estados de m\u00e9xico\" number=\"28+\" percent_sign=\"off\" _builder_version=\"4.9.1\" _module_preset=\"default\" title_level=\"h4\" title_text_color=\"#FFFFFF\" number_font=\"Open Sans|700|||||||\" number_text_color=\"#FFFFFF\" number_font_size=\"45px\"][\/et_pb_number_counter][\/et_pb_column_inner][et_pb_column_inner type=\"1_3\" saved_specialty_column_type=\"3_4\" _builder_version=\"4.9.1\" _module_preset=\"default\"][et_pb_number_counter title=\"KM-C de L\u00edneas subterraneas\" number=\"106+\" percent_sign=\"off\" _builder_version=\"4.9.1\" _module_preset=\"default\" title_level=\"h4\" title_text_color=\"#FFFFFF\" number_font=\"Open Sans|700|||||||\" number_text_color=\"#FFFFFF\" number_font_size=\"45px\"][\/et_pb_number_counter][\/et_pb_column_inner][\/et_pb_row_inner][\/et_pb_column][\/et_pb_section][et_pb_section fb_built=\"1\" _builder_version=\"4.9.2\" _module_preset=\"default\" background_enable_color=\"off\" saved_tabs=\"all\"][et_pb_row _builder_version=\"4.9.1\" _module_preset=\"default\" locked=\"off\"][et_pb_column type=\"4_4\" _builder_version=\"4.9.1\" _module_preset=\"default\"][et_pb_text _builder_version=\"4.9.2\" _module_preset=\"default\" text_font=\"|300||on|||||\" text_font_size=\"20px\" text_letter_spacing=\"-1px\" header_2_text_color=\"#333333\" header_3_text_color=\"#636363\" text_orientation=\"center\" custom_margin=\"||5px||false|false\"]\n\nConoce nuestros proyectos\n\n[\/et_pb_text][et_pb_text _builder_version=\"4.9.2\" _module_preset=\"default\" header_2_text_color=\"#333333\" header_3_text_color=\"#636363\" text_orientation=\"center\" custom_margin=\"||0px||false|false\"]\n<h2>Nacionales e internacionales<\/h2>\n[\/et_pb_text][et_pb_divider divider_weight=\"3px\" _builder_version=\"4.9.2\" _module_preset=\"default\" width=\"50%\" module_alignment=\"center\"][\/et_pb_divider][et_pb_text _builder_version=\"4.9.2\" _module_preset=\"default\" text_orientation=\"center\"]\n\n<b>EDEMTEC <\/b>ha realizado&nbsp;proyectos de construcci\u00f3n de l\u00edneas de transmisi\u00f3n en toda la Rep\u00fablica Mexicana llevando energ\u00eda a m\u00e1s de&nbsp;28 Estados y contribuyendo a la prosperidad de las zonas.<span><\/span>\n\n[\/et_pb_text][\/et_pb_column][\/et_pb_row][et_pb_row _builder_version=\"4.9.1\" _module_preset=\"default\"][et_pb_column type=\"4_4\" _builder_version=\"4.9.1\" _module_preset=\"default\"][et_pb_image src=\"https:\/\/www.edemtec.mx\/wp-content\/uploads\/2021\/03\/mapa_proyectos.png\" title_text=\"mapa_proyectos\" align=\"center\" _builder_version=\"4.9.1\" _module_preset=\"default\"][\/et_pb_image][\/et_pb_column][\/et_pb_row][\/et_pb_section]","_et_gb_content_width":"","footnotes":""},"class_list":["post-645","page","type-page","status-publish","hentry"],"_links":{"self":[{"href":"https:\/\/www.edemtec.mx\/en\/wp-json\/wp\/v2\/pages\/645","targetHints":{"allow":["GET"]}}],"collection":[{"href":"https:\/\/www.edemtec.mx\/en\/wp-json\/wp\/v2\/pages"}],"about":[{"href":"https:\/\/www.edemtec.mx\/en\/wp-json\/wp\/v2\/types\/page"}],"author":[{"embeddable":true,"href":"https:\/\/www.edemtec.mx\/en\/wp-json\/wp\/v2\/users\/1"}],"replies":[{"embeddable":true,"href":"https:\/\/www.edemtec.mx\/en\/wp-json\/wp\/v2\/comments?post=645"}],"version-history":[{"count":15,"href":"https:\/\/www.edemtec.mx\/en\/wp-json\/wp\/v2\/pages\/645\/revisions"}],"predecessor-version":[{"id":1127,"href":"https:\/\/www.edemtec.mx\/en\/wp-json\/wp\/v2\/pages\/645\/revisions\/1127"}],"up":[{"embeddable":true,"href":"https:\/\/www.edemtec.mx\/en\/wp-json\/wp\/v2\/pages\/1033"}],"wp:attachment":[{"href":"https:\/\/www.edemtec.mx\/en\/wp-json\/wp\/v2\/media?parent=645"}],"curies":[{"name":"wp","href":"https:\/\/api.w.org\/{rel}","templated":true}]}}